{"id":1647,"date":"2024-06-26T10:36:27","date_gmt":"2024-06-26T10:36:27","guid":{"rendered":"https:\/\/ginkgo-gruppe.de\/impresum\/"},"modified":"2024-06-26T10:36:27","modified_gmt":"2024-06-26T10:36:27","slug":"impresum","status":"publish","type":"page","link":"https:\/\/ginkgo-gruppe.de\/bs\/impresum\/","title":{"rendered":"Impresum"},"content":{"rendered":"<p><div class=\"fusion-fullwidth fullwidth-box fusion-builder-row-1 fusion-flex-container has-pattern-background has-mask-background nonhundred-percent-fullwidth non-hundred-percent-height-scrolling\" style=\"--awb-border-radius-top-left:0px;--awb-border-radius-top-right:0px;--awb-border-radius-bottom-right:0px;--awb-border-radius-bottom-left:0px;--awb-min-height:100px;--awb-background-color:var(--awb-color8);--awb-flex-wrap:wrap;\" ><div class=\"fusion-builder-row fusion-row fusion-flex-align-items-flex-start fusion-flex-content-wrap\" style=\"max-width:1248px;margin-left: calc(-4% \/ 2 );margin-right: calc(-4% \/ 2 );\"><div class=\"fusion-layout-column fusion_builder_column fusion-builder-column-0 fusion_builder_column_1_1 1_1 fusion-flex-column\" style=\"--awb-bg-size:cover;--awb-width-large:100%;--awb-margin-top-large:0px;--awb-spacing-right-large:1.92%;--awb-margin-bottom-large:20px;--awb-spacing-left-large:1.92%;--awb-width-medium:100%;--awb-order-medium:0;--awb-spacing-right-medium:1.92%;--awb-spacing-left-medium:1.92%;--awb-width-small:100%;--awb-order-small:0;--awb-spacing-right-small:1.92%;--awb-spacing-left-small:1.92%;\"><div class=\"fusion-column-wrapper fusion-column-has-shadow fusion-flex-justify-content-flex-start fusion-content-layout-column\"><\/div><\/div><\/div><\/div><div class=\"fusion-fullwidth fullwidth-box fusion-builder-row-2 fusion-flex-container nonhundred-percent-fullwidth non-hundred-percent-height-scrolling\" style=\"--awb-border-radius-top-left:0px;--awb-border-radius-top-right:0px;--awb-border-radius-bottom-right:0px;--awb-border-radius-bottom-left:0px;--awb-flex-wrap:wrap;\" ><div class=\"fusion-builder-row fusion-row fusion-flex-align-items-flex-start fusion-flex-justify-content-center fusion-flex-content-wrap\" style=\"max-width:1248px;margin-left: calc(-4% \/ 2 );margin-right: calc(-4% \/ 2 );\"><div class=\"fusion-layout-column fusion_builder_column fusion-builder-column-1 fusion_builder_column_4_5 4_5 fusion-flex-column\" style=\"--awb-bg-blend:overlay;--awb-bg-size:cover;--awb-width-large:80%;--awb-margin-top-large:0px;--awb-spacing-right-large:2.4%;--awb-margin-bottom-large:0px;--awb-spacing-left-large:2.4%;--awb-width-medium:80%;--awb-spacing-right-medium:2.4%;--awb-spacing-left-medium:2.4%;--awb-width-small:100%;--awb-spacing-right-small:1.92%;--awb-spacing-left-small:1.92%;\"><div class=\"fusion-column-wrapper fusion-flex-justify-content-flex-start fusion-content-layout-column\"><div class=\"fusion-text fusion-text-1\"><h1 class=\"fusion-responsive-typography-calculated\" style=\"--fontsize: 73; line-height: 1.2;\" data-fontsize=\"73\" data-lineheight=\"87.6px\">Impresum<\/h1>\n<h2 class=\"fusion-responsive-typography-calculated\" style=\"--fontsize: 49; line-height: 1.2;\" data-fontsize=\"49\" data-lineheight=\"58.8px\">Informacije prema \u00a7 5 TMG<\/h2>\n<p>GINKGO M\u00f6glichkeitenRaum<br class=\"\">Georg D. Nini\u0107<br class=\"\">Gerokstra\u00dfe 15<br class=\"\">70184 Stuttgart<\/p>\n<h2 class=\"fusion-responsive-typography-calculated\" style=\"--fontsize: 49; line-height: 1.2;\" data-fontsize=\"49\" data-lineheight=\"58.8px\">Kontakt<\/h2>\n<p>Telefon: 0711.284.14.481<br \/>\nE-mail:  <a href=\"mailto:selbst@erkenntnishaus.de\">Selbst@ErkenntnisHaus.de<\/a><\/p>\n<h2 class=\"fusion-responsive-typography-calculated\" style=\"--fontsize: 49; line-height: 1.2;\" data-fontsize=\"49\" data-lineheight=\"58.8px\">EU rje\u0161avanje sporova<\/h2>\n<p>Evropska komisija pru\u017ea platformu za online rje\u0161avanje sporova (OS): <a href=\"https:\/\/ec.europa.eu\/consumers\/odr\/\" target=\"_blank\" rel=\"noopener noreferrer\">https:\/\/ec.europa.eu\/consumers\/odr\/<\/a>.<br \/>\nNa\u0161u e-mail adresu mo\u017eete prona\u0107i gore u impresumu.<\/p>\n<h2 class=\"fusion-responsive-typography-calculated\" style=\"--fontsize: 49; line-height: 1.2;\" data-fontsize=\"49\" data-lineheight=\"58.8px\">Rje\u0161avanje potro\u0161a\u010dkih sporova\/Univerzalno tijelo za mirenje<\/h2>\n<p>Nismo spremni niti obavezni u\u010destvovati u postupcima rje\u0161avanja sporova pred tijelom za za\u0161titu potro\u0161a\u010da.<\/p>\n<h3 class=\"fusion-responsive-typography-calculated\" style=\"--fontsize: 40; line-height: 1.2;\" data-fontsize=\"40\" data-lineheight=\"48px\">Odgovornost za sadr\u017eaj<\/h3>\n<p>Kao pru\u017eatelj usluga, odgovorni smo za vlastiti sadr\u017eaj na ovim stranicama prema op\u0107im zakonima u skladu s \u00a7 7 st. 1 TMG. Me\u0111utim, prema \u00a7\u00a7 8 do 10 TMG, kao pru\u017eatelj usluga nismo obavezni pratiti prenesene ili pohranjene informacije tre\u0107ih strana ili istra\u017eivati okolnosti koje ukazuju na nezakonitu aktivnost.  <\/p>\n<p>Obaveze uklanjanja ili blokiranja kori\u0161tenja informacija prema op\u0107im zakonima ostaju nepromijenjene. Me\u0111utim, odgovornost u tom pogledu mogu\u0107a je tek od trenutka saznanja o konkretnom kr\u0161enju zakona. Nakon \u0161to saznamo za takva kr\u0161enja zakona, odmah \u0107emo ukloniti taj sadr\u017eaj.  <\/p>\n<h3 class=\"fusion-responsive-typography-calculated\" style=\"--fontsize: 40; line-height: 1.2;\" data-fontsize=\"40\" data-lineheight=\"48px\">Odgovornost za linkove<\/h3>\n<p>Na\u0161a ponuda sadr\u017ei linkove na vanjske web stranice tre\u0107ih strana na \u010diji sadr\u017eaj nemamo utjecaja. Stoga ne mo\u017eemo preuzeti odgovornost za te vanjske sadr\u017eaje. Za sadr\u017eaj povezanih stranica uvijek je odgovoran odgovaraju\u0107i pru\u017eatelj ili operater stranica. Povezane stranice su provjerene u vrijeme povezivanja na mogu\u0107e pravne prekr\u0161aje. Nezakoniti sadr\u017eaji nisu bili prepoznatljivi u vrijeme povezivanja.    <\/p>\n<p>Me\u0111utim, stalna kontrola sadr\u017eaja povezanih stranica nije razumna bez konkretnih dokaza o kr\u0161enju zakona. Ako saznamo za kr\u0161enja zakona, odmah \u0107emo ukloniti takve linkove. <\/p>\n<h3 class=\"fusion-responsive-typography-calculated\" style=\"--fontsize: 40; line-height: 1.2;\" data-fontsize=\"40\" data-lineheight=\"48px\">Autorska prava<\/h3>\n<p>Sadr\u017eaji i djela na ovim stranicama koje su kreirali operateri stranica podlije\u017eu njema\u010dkom zakonu o autorskim pravima. Umno\u017eavanje, obrada, distribucija i bilo koja vrsta kori\u0161tenja izvan granica autorskih prava zahtijevaju pismenu saglasnost odgovaraju\u0107eg autora ili kreatora. Preuzimanja i kopije ove stranice dozvoljeni su samo za privatnu, nekomercijalnu upotrebu.  <\/p>\n<p>Ukoliko sadr\u017eaj na ovoj stranici nije kreiran od strane operatera, po\u0161tuju se autorska prava tre\u0107ih strana. Posebno se sadr\u017eaji tre\u0107ih strana ozna\u010davaju kao takvi. Ako ipak primijetite kr\u0161enje autorskih prava, molimo vas da nas o tome obavijestite. Ako saznamo za kr\u0161enja zakona, odmah \u0107emo ukloniti takav sadr\u017eaj.   <\/p>\n<\/div><\/div><\/div><\/div><\/div><\/p>\n","protected":false},"excerpt":{"rendered":"","protected":false},"author":1,"featured_media":0,"parent":0,"menu_order":0,"comment_status":"closed","ping_status":"closed","template":"100-width.php","meta":{"footnotes":""},"class_list":["post-1647","page","type-page","status-publish","hentry"],"yoast_head":"<!-- This site is optimized with the Yoast SEO plugin v27.3 - https:\/\/yoast.com\/product\/yoast-seo-wordpress\/ -->\n<title>Impresum - GINKGO - WerteRaum<\/title>\n<meta name=\"robots\" content=\"index, follow, max-snippet:-1, max-image-preview:large, max-video-preview:-1\" \/>\n<link rel=\"canonical\" href=\"https:\/\/ginkgo-gruppe.de\/impresum\/\" \/>\n<meta property=\"og:locale\" content=\"bs_BA\" \/>\n<meta property=\"og:type\" content=\"article\" \/>\n<meta property=\"og:title\" content=\"Impresum - GINKGO - WerteRaum\" \/>\n<meta property=\"og:url\" content=\"https:\/\/ginkgo-gruppe.de\/impresum\/\" \/>\n<meta property=\"og:site_name\" content=\"GINKGO - WerteRaum\" \/>\n<meta name=\"twitter:card\" content=\"summary_large_image\" \/>\n<meta name=\"twitter:label1\" content=\"Est. reading time\" \/>\n\t<meta name=\"twitter:data1\" content=\"5 minuta\" \/>\n<script type=\"application\/ld+json\" class=\"yoast-schema-graph\">{\"@context\":\"https:\\\/\\\/schema.org\",\"@graph\":[{\"@type\":\"WebPage\",\"@id\":\"https:\\\/\\\/ginkgo-gruppe.de\\\/impresum\\\/\",\"url\":\"https:\\\/\\\/ginkgo-gruppe.de\\\/impresum\\\/\",\"name\":\"Impresum - GINKGO - WerteRaum\",\"isPartOf\":{\"@id\":\"https:\\\/\\\/ginkgo-gruppe.de\\\/#website\"},\"datePublished\":\"2024-06-26T10:36:27+00:00\",\"breadcrumb\":{\"@id\":\"https:\\\/\\\/ginkgo-gruppe.de\\\/impresum\\\/#breadcrumb\"},\"inLanguage\":\"bs-BA\",\"potentialAction\":[{\"@type\":\"ReadAction\",\"target\":[\"https:\\\/\\\/ginkgo-gruppe.de\\\/impresum\\\/\"]}]},{\"@type\":\"BreadcrumbList\",\"@id\":\"https:\\\/\\\/ginkgo-gruppe.de\\\/impresum\\\/#breadcrumb\",\"itemListElement\":[{\"@type\":\"ListItem\",\"position\":1,\"name\":\"Startseite\",\"item\":\"https:\\\/\\\/ginkgo-gruppe.de\\\/bs\\\/prostorvrijednosti\\\/\"},{\"@type\":\"ListItem\",\"position\":2,\"name\":\"Impresum\"}]},{\"@type\":\"WebSite\",\"@id\":\"https:\\\/\\\/ginkgo-gruppe.de\\\/#website\",\"url\":\"https:\\\/\\\/ginkgo-gruppe.de\\\/\",\"name\":\"WerteRaum\",\"description\":\"\",\"publisher\":{\"@id\":\"https:\\\/\\\/ginkgo-gruppe.de\\\/#organization\"},\"potentialAction\":[{\"@type\":\"SearchAction\",\"target\":{\"@type\":\"EntryPoint\",\"urlTemplate\":\"https:\\\/\\\/ginkgo-gruppe.de\\\/?s={search_term_string}\"},\"query-input\":{\"@type\":\"PropertyValueSpecification\",\"valueRequired\":true,\"valueName\":\"search_term_string\"}}],\"inLanguage\":\"bs-BA\"},{\"@type\":\"Organization\",\"@id\":\"https:\\\/\\\/ginkgo-gruppe.de\\\/#organization\",\"name\":\"GINKGO\",\"url\":\"https:\\\/\\\/ginkgo-gruppe.de\\\/\",\"logo\":{\"@type\":\"ImageObject\",\"inLanguage\":\"bs-BA\",\"@id\":\"https:\\\/\\\/ginkgo-gruppe.de\\\/#\\\/schema\\\/logo\\\/image\\\/\",\"url\":\"https:\\\/\\\/ginkgo-gruppe.de\\\/wp-content\\\/uploads\\\/2025\\\/04\\\/cropped-WerteRaum_logo_Homepage_Icon-1-Kopie-Kopie.png\",\"contentUrl\":\"https:\\\/\\\/ginkgo-gruppe.de\\\/wp-content\\\/uploads\\\/2025\\\/04\\\/cropped-WerteRaum_logo_Homepage_Icon-1-Kopie-Kopie.png\",\"width\":512,\"height\":512,\"caption\":\"GINKGO\"},\"image\":{\"@id\":\"https:\\\/\\\/ginkgo-gruppe.de\\\/#\\\/schema\\\/logo\\\/image\\\/\"}}]}<\/script>\n<!-- \/ Yoast SEO plugin. -->","yoast_head_json":{"title":"Impresum - GINKGO - WerteRaum","robots":{"index":"index","follow":"follow","max-snippet":"max-snippet:-1","max-image-preview":"max-image-preview:large","max-video-preview":"max-video-preview:-1"},"canonical":"https:\/\/ginkgo-gruppe.de\/impresum\/","og_locale":"bs_BA","og_type":"article","og_title":"Impresum - GINKGO - WerteRaum","og_url":"https:\/\/ginkgo-gruppe.de\/impresum\/","og_site_name":"GINKGO - WerteRaum","twitter_card":"summary_large_image","twitter_misc":{"Est. reading time":"5 minuta"},"schema":{"@context":"https:\/\/schema.org","@graph":[{"@type":"WebPage","@id":"https:\/\/ginkgo-gruppe.de\/impresum\/","url":"https:\/\/ginkgo-gruppe.de\/impresum\/","name":"Impresum - GINKGO - WerteRaum","isPartOf":{"@id":"https:\/\/ginkgo-gruppe.de\/#website"},"datePublished":"2024-06-26T10:36:27+00:00","breadcrumb":{"@id":"https:\/\/ginkgo-gruppe.de\/impresum\/#breadcrumb"},"inLanguage":"bs-BA","potentialAction":[{"@type":"ReadAction","target":["https:\/\/ginkgo-gruppe.de\/impresum\/"]}]},{"@type":"BreadcrumbList","@id":"https:\/\/ginkgo-gruppe.de\/impresum\/#breadcrumb","itemListElement":[{"@type":"ListItem","position":1,"name":"Startseite","item":"https:\/\/ginkgo-gruppe.de\/bs\/prostorvrijednosti\/"},{"@type":"ListItem","position":2,"name":"Impresum"}]},{"@type":"WebSite","@id":"https:\/\/ginkgo-gruppe.de\/#website","url":"https:\/\/ginkgo-gruppe.de\/","name":"WerteRaum","description":"","publisher":{"@id":"https:\/\/ginkgo-gruppe.de\/#organization"},"potentialAction":[{"@type":"SearchAction","target":{"@type":"EntryPoint","urlTemplate":"https:\/\/ginkgo-gruppe.de\/?s={search_term_string}"},"query-input":{"@type":"PropertyValueSpecification","valueRequired":true,"valueName":"search_term_string"}}],"inLanguage":"bs-BA"},{"@type":"Organization","@id":"https:\/\/ginkgo-gruppe.de\/#organization","name":"GINKGO","url":"https:\/\/ginkgo-gruppe.de\/","logo":{"@type":"ImageObject","inLanguage":"bs-BA","@id":"https:\/\/ginkgo-gruppe.de\/#\/schema\/logo\/image\/","url":"https:\/\/ginkgo-gruppe.de\/wp-content\/uploads\/2025\/04\/cropped-WerteRaum_logo_Homepage_Icon-1-Kopie-Kopie.png","contentUrl":"https:\/\/ginkgo-gruppe.de\/wp-content\/uploads\/2025\/04\/cropped-WerteRaum_logo_Homepage_Icon-1-Kopie-Kopie.png","width":512,"height":512,"caption":"GINKGO"},"image":{"@id":"https:\/\/ginkgo-gruppe.de\/#\/schema\/logo\/image\/"}}]}},"_links":{"self":[{"href":"https:\/\/ginkgo-gruppe.de\/bs\/wp-json\/wp\/v2\/pages\/1647","targetHints":{"allow":["GET"]}}],"collection":[{"href":"https:\/\/ginkgo-gruppe.de\/bs\/wp-json\/wp\/v2\/pages"}],"about":[{"href":"https:\/\/ginkgo-gruppe.de\/bs\/wp-json\/wp\/v2\/types\/page"}],"author":[{"embeddable":true,"href":"https:\/\/ginkgo-gruppe.de\/bs\/wp-json\/wp\/v2\/users\/1"}],"replies":[{"embeddable":true,"href":"https:\/\/ginkgo-gruppe.de\/bs\/wp-json\/wp\/v2\/comments?post=1647"}],"version-history":[{"count":0,"href":"https:\/\/ginkgo-gruppe.de\/bs\/wp-json\/wp\/v2\/pages\/1647\/revisions"}],"wp:attachment":[{"href":"https:\/\/ginkgo-gruppe.de\/bs\/wp-json\/wp\/v2\/media?parent=1647"}],"curies":[{"name":"wp","href":"https:\/\/api.w.org\/{rel}","templated":true}]}}